{"id":599,"date":"2024-08-05T18:48:55","date_gmt":"2024-08-05T16:48:55","guid":{"rendered":"http:\/\/rvserver.de\/acu\/?page_id=599"},"modified":"2024-09-09T15:58:48","modified_gmt":"2024-09-09T13:58:48","slug":"ausruestung","status":"publish","type":"page","link":"http:\/\/rvserver.de\/acu\/ausruestung\/","title":{"rendered":"Ausr\u00fcstung"},"content":{"rendered":"\t\t<div data-elementor-type=\"wp-page\" data-elementor-id=\"599\" class=\"elementor elementor-599\" data-elementor-post-type=\"page\">\n\t\t\t\t<div class=\"elementor-element elementor-element-3b4225b e-flex e-con-boxed e-con e-parent\" data-id=\"3b4225b\" data-element_type=\"container\">\n\t\t\t\t\t<div class=\"e-con-inner\">\n\t\t\t\t<div class=\"elementor-element elementor-element-5c39111 elementor-widget elementor-widget-spacer\" data-id=\"5c39111\" data-element_type=\"widget\" data-widget_type=\"spacer.default\">\n\t\t\t\t<div class=\"elementor-widget-container\">\n\t\t\t<style>\/*! elementor - v3.23.0 - 05-08-2024 *\/\n.elementor-column .elementor-spacer-inner{height:var(--spacer-size)}.e-con{--container-widget-width:100%}.e-con-inner>.elementor-widget-spacer,.e-con>.elementor-widget-spacer{width:var(--container-widget-width,var(--spacer-size));--align-self:var(--container-widget-align-self,initial);--flex-shrink:0}.e-con-inner>.elementor-widget-spacer>.elementor-widget-container,.e-con>.elementor-widget-spacer>.elementor-widget-container{height:100%;width:100%}.e-con-inner>.elementor-widget-spacer>.elementor-widget-container>.elementor-spacer,.e-con>.elementor-widget-spacer>.elementor-widget-container>.elementor-spacer{height:100%}.e-con-inner>.elementor-widget-spacer>.elementor-widget-container>.elementor-spacer>.elementor-spacer-inner,.e-con>.elementor-widget-spacer>.elementor-widget-container>.elementor-spacer>.elementor-spacer-inner{height:var(--container-widget-height,var(--spacer-size))}.e-con-inner>.elementor-widget-spacer.elementor-widget-empty,.e-con>.elementor-widget-spacer.elementor-widget-empty{position:relative;min-height:22px;min-width:22px}.e-con-inner>.elementor-widget-spacer.elementor-widget-empty .elementor-widget-empty-icon,.e-con>.elementor-widget-spacer.elementor-widget-empty .elementor-widget-empty-icon{position:absolute;top:0;bottom:0;left:0;right:0;margin:auto;padding:0;width:22px;height:22px}<\/style>\t\t<div class=\"elementor-spacer\">\n\t\t\t<div class=\"elementor-spacer-inner\"><\/div>\n\t\t<\/div>\n\t\t\t\t<\/div>\n\t\t\t\t<\/div>\n\t\t\t\t<div class=\"elementor-element elementor-element-bb19eac elementor-widget elementor-widget-heading\" data-id=\"bb19eac\" data-element_type=\"widget\" data-widget_type=\"heading.default\">\n\t\t\t\t<div class=\"elementor-widget-container\">\n\t\t\t<style>\/*! elementor - v3.23.0 - 05-08-2024 *\/\n.elementor-heading-title{padding:0;margin:0;line-height:1}.elementor-widget-heading .elementor-heading-title[class*=elementor-size-]>a{color:inherit;font-size:inherit;line-height:inherit}.elementor-widget-heading .elementor-heading-title.elementor-size-small{font-size:15px}.elementor-widget-heading .elementor-heading-title.elementor-size-medium{font-size:19px}.elementor-widget-heading .elementor-heading-title.elementor-size-large{font-size:29px}.elementor-widget-heading .elementor-heading-title.elementor-size-xl{font-size:39px}.elementor-widget-heading .elementor-heading-title.elementor-size-xxl{font-size:59px}<\/style><h2 class=\"elementor-heading-title elementor-size-default\">Das Equipment<\/h2>\t\t<\/div>\n\t\t\t\t<\/div>\n\t\t\t\t<div class=\"elementor-element elementor-element-cd00134 elementor-widget elementor-widget-heading\" data-id=\"cd00134\" data-element_type=\"widget\" data-widget_type=\"heading.default\">\n\t\t\t\t<div class=\"elementor-widget-container\">\n\t\t\t<h2 class=\"elementor-heading-title elementor-size-default\">Tipps f\u00fcr Ihren Fangerfolg<\/h2>\t\t<\/div>\n\t\t\t\t<\/div>\n\t\t\t\t<div class=\"elementor-element elementor-element-b4d2b71 elementor-widget elementor-widget-spacer\" data-id=\"b4d2b71\" data-element_type=\"widget\" data-widget_type=\"spacer.default\">\n\t\t\t\t<div class=\"elementor-widget-container\">\n\t\t\t\t\t<div class=\"elementor-spacer\">\n\t\t\t<div class=\"elementor-spacer-inner\"><\/div>\n\t\t<\/div>\n\t\t\t\t<\/div>\n\t\t\t\t<\/div>\n\t\t\t\t<div class=\"elementor-element elementor-element-1687a65 elementor-widget__width-initial elementor-widget elementor-widget-text-editor\" data-id=\"1687a65\" data-element_type=\"widget\" data-widget_type=\"text-editor.default\">\n\t\t\t\t<div class=\"elementor-widget-container\">\n\t\t\t<style>\/*! elementor - v3.23.0 - 05-08-2024 *\/\n.elementor-widget-text-editor.elementor-drop-cap-view-stacked .elementor-drop-cap{background-color:#69727d;color:#fff}.elementor-widget-text-editor.elementor-drop-cap-view-framed .elementor-drop-cap{color:#69727d;border:3px solid;background-color:transparent}.elementor-widget-text-editor:not(.elementor-drop-cap-view-default) .elementor-drop-cap{margin-top:8px}.elementor-widget-text-editor:not(.elementor-drop-cap-view-default) .elementor-drop-cap-letter{width:1em;height:1em}.elementor-widget-text-editor .elementor-drop-cap{float:left;text-align:center;line-height:1;font-size:50px}.elementor-widget-text-editor .elementor-drop-cap-letter{display:inline-block}<\/style>\t\t\t\tF\u00fcr das Fischen am Amazonas und Rio Negro auf Tucunar\u00e9 muss das Material besonders belastbar sein, sowohl f\u00fcr das normale Angeln wie z.B. nbeim Baitcasten was sich sehr gro\u00dfer Beliebtheit erfreut, als auch f\u00fcr Fliegenfischer. Die extremen Bedingungen und die kraftvollen K\u00e4mpfe dieser Fische erfordern hochwertige, robuste Ausr\u00fcstung. Basierend auf jahrelanger Erfahrung haben wir Ihnen unsere empfehlungen hier zusammengefasst, damit sie keine B\u00f6se \u00fcberraschung erleben und Ihr Aufenthalt zum Erfolg wird. Folgen Sie ganz einfach dem Wegweiser. \t\t\t\t\t\t<\/div>\n\t\t\t\t<\/div>\n\t\t<div class=\"elementor-element elementor-element-4394043 e-grid e-con-full e-con e-child\" data-id=\"4394043\" data-element_type=\"container\">\n\t\t<div class=\"elementor-element elementor-element-651544f e-con-full e-flex e-con e-child\" data-id=\"651544f\" data-element_type=\"container\">\n\t\t\t\t<div class=\"elementor-element elementor-element-55136f3 elementor-widget__width-initial elementor-view-default elementor-position-top elementor-mobile-position-top elementor-widget elementor-widget-icon-box\" data-id=\"55136f3\" data-element_type=\"widget\" data-widget_type=\"icon-box.default\">\n\t\t\t\t<div class=\"elementor-widget-container\">\n\t\t\t<link rel=\"stylesheet\" href=\"http:\/\/rvserver.de\/acu\/wp-content\/plugins\/elementor\/assets\/css\/widget-icon-box.min.css\">\t\t<div class=\"elementor-icon-box-wrapper\">\n\n\t\t\t\t\t\t<div class=\"elementor-icon-box-icon\">\n\t\t\t\t<a href=\"http:\/\/rvserver.de\/acu\/der-streamer\/\" class=\"elementor-icon elementor-animation-\" tabindex=\"-1\">\n\t\t\t\t<svg xmlns=\"http:\/\/www.w3.org\/2000\/svg\" id=\"Ebene_1\" data-name=\"Ebene 1\" viewBox=\"0 0 703.4 265.13\"><defs><style>      .cls-1 {        fill: #fff;      }      .cls-1, .cls-2 {        stroke: #000;        stroke-miterlimit: 10;      }      .cls-2, .cls-3 {        fill: #1a171b;      }      .cls-4, .cls-3 {        stroke-width: 0px;      }    <\/style><\/defs><ellipse class=\"cls-4\" cx=\"690.19\" cy=\"93.43\" rx=\"4.97\" ry=\"4.61\"><\/ellipse><path class=\"cls-3\" d=\"m700.22,90.13l-8.72.06c0-.74,0-1.23,0-1.23-38.55-35.01-89.91-55.79-139.64-64.39-46.23-7.73-93.1-4.29-139.64-1.64-58.15,4.24-117.39,13.22-174.55,28.32-26.23,7.14-52.1,15.03-77.26,25.31C131.53,39.18,84.86,7.39,34.27,1.42,22-.28,10.74-.48.12.97c1.17.14,2.35.26,3.54.45,9.03,1.46,39.59,42.76,67.65,83.79v16.46c-5.52,8.19-11.04,14.6-16.56,20.8-27.93,31.3-45.91,62.27-51.09,62.99-1.22.17-2.44.31-3.66.44,11.09,1.5,22.48,1.13,34.27-.44,44.28-4.95,87.96-31.69,115.88-62.99,3.42-3.84,6.84-7.77,10.27-12.15,13.92,5.64,28.03,10.51,42.33,15.13,23.05,7.31,46.29,13.41,69.82,18.59,63.25,13.48,126.62,21.01,190.5,22.46-1.55,4.75-2.78,9.68-3.68,14.8-3.57,20.23-.21,38.79,9.98,55.16,12.02,19.29,28.24,28.67,49.58,28.67,1.77,0,3.6-.06,5.42-.19,29.75-2.07,56.49-10.24,79.47-24.28.81-.5,1.59-1.05,2.34-1.63-22.07,9.28-46.66,15.2-74.95,18.05-20.88,2.11-36.85-4.08-47.48-18.38-7.22-9.71-11.54-21.08-12.86-33.8-1.32-12.72.47-25.82,4.9-38.21,13.69.14,27.4,0,41.14-.42,55.44-3.35,110.99-20.8,157.1-54.04,5.82-4.23,11.64-8.83,17.46-14.35v-1.43l8.78-.03c1.73,0,3.13-1.42,3.13-3.15s-1.43-3.17-3.18-3.15Z\"><\/path><circle class=\"cls-1\" cx=\"624.35\" cy=\"93.43\" r=\"18.89\"><\/circle><circle class=\"cls-2\" cx=\"624.35\" cy=\"93.43\" r=\"10.97\"><\/circle><\/svg>\t\t\t\t<\/a>\n\t\t\t<\/div>\n\t\t\t\n\t\t\t\t\t\t<div class=\"elementor-icon-box-content\">\n\n\t\t\t\t\t\t\t\t\t<h3 class=\"elementor-icon-box-title\">\n\t\t\t\t\t\t<a href=\"http:\/\/rvserver.de\/acu\/der-streamer\/\" >\n\t\t\t\t\t\t\tFliegenfischen\t\t\t\t\t\t<\/a>\n\t\t\t\t\t<\/h3>\n\t\t\t\t\n\t\t\t\t\t\t\t\t\t<p class=\"elementor-icon-box-description\">\n\t\t\t\t\t\tHIER ENTLANG F\u00dcR<br>FLIEGENFISCHER\t\t\t\t\t<\/p>\n\t\t\t\t\n\t\t\t<\/div>\n\t\t\t\n\t\t<\/div>\n\t\t\t\t<\/div>\n\t\t\t\t<\/div>\n\t\t\t\t<\/div>\n\t\t<div class=\"elementor-element elementor-element-c2a4203 e-con-full e-flex e-con e-child\" data-id=\"c2a4203\" data-element_type=\"container\">\n\t\t\t\t<div class=\"elementor-element elementor-element-f92600d elementor-view-default elementor-position-top elementor-mobile-position-top elementor-widget elementor-widget-icon-box\" data-id=\"f92600d\" data-element_type=\"widget\" data-widget_type=\"icon-box.default\">\n\t\t\t\t<div class=\"elementor-widget-container\">\n\t\t\t\t\t<div class=\"elementor-icon-box-wrapper\">\n\n\t\t\t\t\t\t<div class=\"elementor-icon-box-icon\">\n\t\t\t\t<a href=\"http:\/\/rvserver.de\/acu\/wobblerfischen\/\" class=\"elementor-icon elementor-animation-\" tabindex=\"-1\">\n\t\t\t\t<svg xmlns=\"http:\/\/www.w3.org\/2000\/svg\" id=\"Ebene_1\" data-name=\"Ebene 1\" viewBox=\"0 0 728.8 257.87\"><defs><style>      .cls-1 {        fill: none;      }      .cls-1, .cls-2 {        stroke-width: 0px;      }      .cls-3, .cls-4, .cls-5 {        stroke: #000;        stroke-miterlimit: 10;      }      .cls-4 {        fill: #fff;      }      .cls-5 {        fill: #1a171b;      }    <\/style><\/defs><path class=\"cls-2\" d=\"m550.36.92c-26.28-1.66-52.62-.63-78.92-.26-79.23,1.91-158.28,7.84-236.77,19.59-53.08,8.22-106.36,18.11-157.85,34.42v14c13.15,4.31,26.31,7.92,39.46,11.23,90.6,22.4,183.37,33.65,276.24,39.48,39.45,2.41,78.89,3.62,118.39,3.88,53.77,1.31,108.45-7.18,157.85-30.78,11.78-5.63,23.73-12.28,34.53-20.06,1.64-1.17,3.29-2.41,4.93-3.75,0,0,0-14,0-14C663.88,21.06,604.64,4.68,550.36.92Z\"><\/path><path class=\"cls-2\" d=\"m707.39,54.74h14.45c3.84,0,6.95,3.11,6.95,6.95h0c0,3.84-3.11,6.95-6.95,6.95h-14.45v-13.9h0Z\"><\/path><path class=\"cls-2\" d=\"m674.89,53.68h6.86c1.03,0,1.87.84,1.87,1.87v86.83c0,4.82-3.91,8.73-8.73,8.73h0c-1.03,0-1.87-.84-1.87-1.87V55.55c0-1.03.84-1.87,1.87-1.87Z\" transform=\"translate(126.27 509.64) rotate(-45)\"><\/path><path class=\"cls-1\" d=\"m511.16,217.03c-.22,4.96.39,9.57,2.22,13.96.3.71,1.4,1.6,2.07,1.55,1.66-.13,3.89-6.34,2.79-7.62-2.23-2.6-4.57-5.11-7.07-7.89Z\"><\/path><path class=\"cls-3\" d=\"m542.96,202.07c-1.61-5.32-3.65-10.52-5.5-15.77-.12.06-1.69,20.95-2.37,31.63,1.5-.55,3.47-5.42,4.55-1.67,1.07,5.07.15,13.59-1.91,17.99-2.72,5.83-7.62,7.93-13.74,6.01-2.29-.72-3.66-1.72-3.4-4.51.21-2.19-.25-4.46-.5-6.68-1.7-15.14-5.35-22.09-7.18-27.29-.04.02.42,13.79-1.78,22.95-.22.91-.24,1.79-.35,2.58-.68-1.17-1.57-2.89-2.26-5.1-.87-2.77-1.18-5.51-1.18-8.33,0-15.51.15-31.03-.07-46.54-.09-6.26,1.24-11.95,3.8-17.63,1.61-3.59,2.75-7.64,2.95-11.55.33-6.19-4-10.27-10.31-10.8-6.64-.56-12.05,3.23-13.23,9.16-.89,4.45.84,8.45,1.91,12.58,1.22,4.74,3.19,9.5,3.3,14.29.39,18.11.21,36.22.12,54.34-.03,6.05-1.26,11.8-5.93,16.18-6.24,5.84-13.54,8.29-21.98,6.22-10.23-2.51-14.13-13.38-11.89-26.18,1.32-2.85,3.71,2,5.43,2.92-.72-11.12-1.41-21.85-2.1-32.64-4.96,8.57-8.62,17.7-10.82,27.41-1.22,5.39-1.46,10.81-.47,16.27,1.99,10.98,9.07,18.77,19.08,20.31,11.1,1.71,20.9-1.39,29.27-8.9.59-.53,1.2-1.06,2.05-1.81.4,6.09,1.52,11.4,4.9,15.95,3.82,5.14,9.04,5.26,12.92.16,1.58-2.08,2.58-4.6,3.46-6.23,4.56.31,9.01,1.43,13.15.73,7.77-1.32,10.8-7.63,12.47-14.55,2.59-10.73.71-21.2-2.41-31.49Zm-40.35-49.41c-.2-.01-.41-.02-.61-.04-1.3-3.86-2.72-7.68-3.82-11.59-.38-1.35-.34-3.1.2-4.37.84-1.97,2.75-2.68,4.93-2.33,2.06.32,3.17,1.66,3.38,3.61.15,1.39.19,2.92-.23,4.22-1.14,3.55-2.55,7.01-3.85,10.5Zm5.8,96.03c-.67.05-1.77-.84-2.07-1.55-1.83-4.39-2.44-9-2.22-13.96,2.5,2.78,4.84,5.29,7.07,7.89,1.1,1.28-1.13,7.49-2.79,7.62Z\"><\/path><path class=\"cls-3\" d=\"m96.03,125.43c-1.61-5.32-3.65-10.52-5.5-15.77-.12.06-1.69,20.95-2.37,31.63,1.5-.55,3.47-5.42,4.55-1.67,1.07,5.07.15,13.59-1.91,17.99-2.72,5.83-7.62,7.93-13.74,6.01-2.29-.72-3.66-1.72-3.4-4.51.21-2.19-.25-4.46-.5-6.68-1.7-15.14-5.35-22.09-7.18-27.29-.04.02.42,13.79-1.78,22.95-.22.91-.24,1.79-.35,2.58-.68-1.17-1.57-2.89-2.26-5.1-.87-2.77-1.18-5.51-1.18-8.33,0-15.51.15-31.03-.07-46.54-.09-6.26,1.24-11.95,3.8-17.63,1.61-3.59,2.75-7.64,2.95-11.55.33-6.19-4-10.27-10.31-10.8-6.64-.56-12.05,3.23-13.23,9.16-.89,4.45.84,8.45,1.91,12.58,1.22,4.74,3.19,9.5,3.3,14.29.39,18.11.21,36.22.12,54.34-.03,6.05-1.26,11.8-5.93,16.18-6.24,5.84-13.54,8.29-21.98,6.22-10.23-2.51-14.13-13.38-11.89-26.18,1.32-2.85,3.71,2,5.43,2.92-.72-11.12-1.41-21.85-2.1-32.64-4.96,8.57-8.62,17.7-10.82,27.41-1.22,5.39-1.46,10.81-.47,16.27,1.99,10.98,9.07,18.77,19.08,20.31,11.1,1.71,20.9-1.39,29.27-8.9.59-.53,1.2-1.06,2.05-1.81.4,6.09,1.52,11.4,4.9,15.95,3.82,5.14,9.04,5.26,12.92.16,1.58-2.08,2.58-4.6,3.46-6.23,4.56.31,9.01,1.43,13.15.73,7.77-1.32,10.8-7.63,12.47-14.55,2.59-10.73.71-21.2-2.41-31.49Zm-40.35-49.41c-.2-.01-.41-.02-.61-.04-1.3-3.86-2.72-7.68-3.82-11.59-.38-1.35-.34-3.1.2-4.37.84-1.97,2.75-2.68,4.93-2.33,2.06.32,3.17,1.66,3.38,3.61.15,1.39.19,2.92-.23,4.22-1.14,3.55-2.55,7.01-3.85,10.5Zm5.8,96.03c-.67.05-1.77-.84-2.07-1.55-1.83-4.39-2.44-9-2.22-13.96,2.5,2.78,4.84,5.29,7.07,7.89,1.1,1.28-1.13,7.49-2.79,7.62Z\"><\/path><path class=\"cls-2\" d=\"m491.66,125.8h14.45c3.84,0,6.95,3.11,6.95,6.95h0c0,3.84-3.11,6.95-6.95,6.95h-14.45v-13.9h0Z\" transform=\"translate(635.11 -369.61) rotate(90)\"><\/path><path class=\"cls-2\" d=\"m55.96,54.74h14.45c3.84,0,6.95,3.11,6.95,6.95h0c0,3.84-3.11,6.95-6.95,6.95h-14.45v-13.9h0Z\" transform=\"translate(133.32 123.38) rotate(180)\"><\/path><circle class=\"cls-4\" cx=\"609.96\" cy=\"57.61\" r=\"18.89\"><\/circle><circle class=\"cls-5\" cx=\"609.96\" cy=\"57.61\" r=\"10.97\"><\/circle><\/svg>\t\t\t\t<\/a>\n\t\t\t<\/div>\n\t\t\t\n\t\t\t\t\t\t<div class=\"elementor-icon-box-content\">\n\n\t\t\t\t\t\t\t\t\t<h3 class=\"elementor-icon-box-title\">\n\t\t\t\t\t\t<a href=\"http:\/\/rvserver.de\/acu\/wobblerfischen\/\" >\n\t\t\t\t\t\t\tBaitcasting\t\t\t\t\t\t<\/a>\n\t\t\t\t\t<\/h3>\n\t\t\t\t\n\t\t\t\t\t\t\t\t\t<p class=\"elementor-icon-box-description\">\n\t\t\t\t\t\tHIER ENTLANG F\u00dcR <br>BAITCASTER\t\t\t\t\t<\/p>\n\t\t\t\t\n\t\t\t<\/div>\n\t\t\t\n\t\t<\/div>\n\t\t\t\t<\/div>\n\t\t\t\t<\/div>\n\t\t\t\t<\/div>\n\t\t\t\t<\/div>\n\t\t\t\t<div class=\"elementor-element elementor-element-aafcc47 elementor-widget elementor-widget-spacer\" data-id=\"aafcc47\" data-element_type=\"widget\" data-widget_type=\"spacer.default\">\n\t\t\t\t<div class=\"elementor-widget-container\">\n\t\t\t\t\t<div class=\"elementor-spacer\">\n\t\t\t<div class=\"elementor-spacer-inner\"><\/div>\n\t\t<\/div>\n\t\t\t\t<\/div>\n\t\t\t\t<\/div>\n\t\t\t\t\t<\/div>\n\t\t\t\t<\/div>\n\t\t\t\t<\/div>\n\t\t","protected":false},"excerpt":{"rendered":"<p>Das Equipment Tipps f\u00fcr Ihren Fangerfolg F\u00fcr das Fischen am Amazonas und Rio Negro auf Tucunar\u00e9 muss das Material besonders belastbar sein, sowohl f\u00fcr das normale Angeln wie z.B. nbeim Baitcasten was sich sehr gro\u00dfer Beliebtheit erfreut, als auch f\u00fcr Fliegenfischer. Die extremen Bedingungen und die kraftvollen K\u00e4mpfe dieser Fische erfordern hochwertige, robuste Ausr\u00fcstung. Basierend [&hellip;]<\/p>\n","protected":false},"author":1,"featured_media":0,"parent":0,"menu_order":0,"comment_status":"closed","ping_status":"closed","template":"","meta":{"footnotes":""},"class_list":["post-599","page","type-page","status-publish","hentry"],"_links":{"self":[{"href":"http:\/\/rvserver.de\/acu\/wp-json\/wp\/v2\/pages\/599","targetHints":{"allow":["GET"]}}],"collection":[{"href":"http:\/\/rvserver.de\/acu\/wp-json\/wp\/v2\/pages"}],"about":[{"href":"http:\/\/rvserver.de\/acu\/wp-json\/wp\/v2\/types\/page"}],"author":[{"embeddable":true,"href":"http:\/\/rvserver.de\/acu\/wp-json\/wp\/v2\/users\/1"}],"replies":[{"embeddable":true,"href":"http:\/\/rvserver.de\/acu\/wp-json\/wp\/v2\/comments?post=599"}],"version-history":[{"count":25,"href":"http:\/\/rvserver.de\/acu\/wp-json\/wp\/v2\/pages\/599\/revisions"}],"predecessor-version":[{"id":2737,"href":"http:\/\/rvserver.de\/acu\/wp-json\/wp\/v2\/pages\/599\/revisions\/2737"}],"wp:attachment":[{"href":"http:\/\/rvserver.de\/acu\/wp-json\/wp\/v2\/media?parent=599"}],"curies":[{"name":"wp","href":"https:\/\/api.w.org\/{rel}","templated":true}]}}